{"id":2375,"date":"2023-06-21T16:56:48","date_gmt":"2023-06-21T14:56:48","guid":{"rendered":"https:\/\/beta.k-konzept.de\/gb2019\/?page_id=2375"},"modified":"2023-07-06T11:24:22","modified_gmt":"2023-07-06T09:24:22","slug":"unsere-mitarbeiterinnen-2022","status":"publish","type":"page","link":"https:\/\/www.stwdt-3d.de\/GB_STWDT\/geschaeftsbericht-2022\/unsere-mitarbeiterinnen-2022\/","title":{"rendered":"Unsere Mitarbeiter und Mitarbeiterinnen 2022"},"content":{"rendered":"\t\t<div data-elementor-type=\"wp-page\" data-elementor-id=\"2375\" class=\"elementor elementor-2375\" data-elementor-post-type=\"page\">\n\t\t\t\t\t\t<section class=\"elementor-section elementor-top-section elementor-element elementor-element-1399adf elementor-section-height-min-height elementor-section-boxed elementor-section-height-default elementor-section-items-middle\" data-id=\"1399adf\" data-element_type=\"section\" data-e-type=\"section\" data-settings=\"{&quot;background_background&quot;:&quot;classic&quot;}\">\n\t\t\t\t\t\t<div class=\"elementor-container elementor-column-gap-default\">\n\t\t\t\t\t<div class=\"elementor-column elementor-col-100 elementor-top-column elementor-element elementor-element-95ef8bc\" data-id=\"95ef8bc\" data-element_type=\"column\" data-e-type=\"column\">\n\t\t\t<div class=\"elementor-widget-wrap elementor-element-populated\">\n\t\t\t\t\t\t<div class=\"elementor-element elementor-element-8569ef3 elementor-widget elementor-widget-heading\" data-id=\"8569ef3\" data-element_type=\"widget\" data-e-type=\"widget\" data-widget_type=\"heading.default\">\n\t\t\t\t<div class=\"elementor-widget-container\">\n\t\t\t\t\t<h1 class=\"elementor-heading-title elementor-size-default\">Unsere Mitarbeiter und Mitarbeiterinnen 2022<\/h1>\t\t\t\t<\/div>\n\t\t\t\t<\/div>\n\t\t\t\t\t<\/div>\n\t\t<\/div>\n\t\t\t\t\t<\/div>\n\t\t<\/section>\n\t\t\t\t<section class=\"elementor-section elementor-top-section elementor-element elementor-element-bf463f8 elementor-section-boxed elementor-section-height-default elementor-section-height-default\" data-id=\"bf463f8\" data-element_type=\"section\" data-e-type=\"section\">\n\t\t\t\t\t\t<div class=\"elementor-container elementor-column-gap-default\">\n\t\t\t\t\t<div class=\"elementor-column elementor-col-100 elementor-top-column elementor-element elementor-element-4a4b3b6\" data-id=\"4a4b3b6\" data-element_type=\"column\" data-e-type=\"column\">\n\t\t\t<div class=\"elementor-widget-wrap elementor-element-populated\">\n\t\t\t\t\t\t<div class=\"elementor-element elementor-element-c4d78a3 elementor-widget elementor-widget-heading\" data-id=\"c4d78a3\" data-element_type=\"widget\" data-e-type=\"widget\" data-widget_type=\"heading.default\">\n\t\t\t\t<div class=\"elementor-widget-container\">\n\t\t\t\t\t<h2 class=\"elementor-heading-title elementor-size-default\">Die Mitarbeiterinnen und Mitarbeiter sind die wichtigste Ressource der Stadtwerke<\/h2>\t\t\t\t<\/div>\n\t\t\t\t<\/div>\n\t\t\t\t<div class=\"elementor-element elementor-element-9e9a589 elementor-widget elementor-widget-text-editor\" data-id=\"9e9a589\" data-element_type=\"widget\" data-e-type=\"widget\" data-widget_type=\"text-editor.default\">\n\t\t\t\t<div class=\"elementor-widget-container\">\n\t\t\t\t\t\t\t\t\t<p>Daher bietet der Energieversorger zahlreiche Angebote, die das Arbeiten im Unternehmen attraktiv gestalten. Dazu z\u00e4hlen neben Vereinbarkeit von Beruf und Familie, Gesundheitsmanagement, betriebliche Altersvorsorge, regelm\u00e4\u00dfige Weiterbildungsm\u00f6glichkeiten und zur pers\u00f6nlichen St\u00e4rkung ein Obstkorb mit saisonalen und regionalen Fr\u00fcchten. Daneben stehen Klimaschutz und nachhaltige Energieversorgung ganz oben auf der Agenda. Das ist auch f\u00fcr die Auszubildenden eine gro\u00dfe Chance, sich im Beruf pers\u00f6nlich f\u00fcr diese Zukunftsthemen zu engagieren.<\/p>\t\t\t\t\t\t\t\t<\/div>\n\t\t\t\t<\/div>\n\t\t\t\t\t<\/div>\n\t\t<\/div>\n\t\t\t\t\t<\/div>\n\t\t<\/section>\n\t\t\t\t<section class=\"elementor-section elementor-top-section elementor-element elementor-element-caec0a1 elementor-section-boxed elementor-section-height-default elementor-section-height-default\" data-id=\"caec0a1\" data-element_type=\"section\" data-e-type=\"section\">\n\t\t\t\t\t\t<div class=\"elementor-container elementor-column-gap-default\">\n\t\t\t\t\t<div class=\"elementor-column elementor-col-100 elementor-top-column elementor-element elementor-element-d2bb5d5\" data-id=\"d2bb5d5\" data-element_type=\"column\" data-e-type=\"column\">\n\t\t\t<div class=\"elementor-widget-wrap elementor-element-populated\">\n\t\t\t\t\t\t<div class=\"elementor-element elementor-element-a081c25 elementor-widget elementor-widget-heading\" data-id=\"a081c25\" data-element_type=\"widget\" data-e-type=\"widget\" data-widget_type=\"heading.default\">\n\t\t\t\t<div class=\"elementor-widget-container\">\n\t\t\t\t\t<h2 class=\"elementor-heading-title elementor-size-default\">Hohe Ausbildungsquote<\/h2>\t\t\t\t<\/div>\n\t\t\t\t<\/div>\n\t\t\t\t<div class=\"elementor-element elementor-element-76ea325 elementor-widget elementor-widget-text-editor\" data-id=\"76ea325\" data-element_type=\"widget\" data-e-type=\"widget\" data-widget_type=\"text-editor.default\">\n\t\t\t\t<div class=\"elementor-widget-container\">\n\t\t\t\t\t\t\t\t\t<p>Als Ausbildungsbetrieb \u00fcbernehmen wir gesellschaftliche Verantwortung. Auch in 2022 lag die Ausbildungsquote bei \u00fcber 10 % (17 Auszubildende) an der Gesamtbelegschaft. Im August starteten hiervon sechs der jungen Erwachsenen in das neue Ausbildungsjahr. Das attraktive Spektrum der Berufsbilder bei den Stadtwerken erstreckt sich \u00fcber unterschiedliche kaufm\u00e4nnische und technische Ausbildungsm\u00f6glichkeiten wie: Anlagenmechaniker (m\/w\/d), Fachkraft f\u00fcr Wasserversorgungstechnik (m\/w\/d), Elektroniker f\u00fcr Betriebstechnik (m\/w\/d), Industriekaufmann\/-frau (m\/w\/d), Fachangestellter f\u00fcr B\u00e4derbetriebe (m\/w\/d), Fachinformatiker f\u00fcr Systemintegration (m\/w\/d), Fachkraft f\u00fcr Lagerlogistik (m\/w\/d), Kaufmann\/-frau f\u00fcr Marketingkommunikation (m\/w\/d).<\/p>\t\t\t\t\t\t\t\t<\/div>\n\t\t\t\t<\/div>\n\t\t\t\t\t<\/div>\n\t\t<\/div>\n\t\t\t\t\t<\/div>\n\t\t<\/section>\n\t\t\t\t<section class=\"elementor-section elementor-top-section elementor-element elementor-element-934597e elementor-section-boxed elementor-section-height-default elementor-section-height-default\" data-id=\"934597e\" data-element_type=\"section\" data-e-type=\"section\">\n\t\t\t\t\t\t<div class=\"elementor-container elementor-column-gap-default\">\n\t\t\t\t\t<div class=\"elementor-column elementor-col-100 elementor-top-column elementor-element elementor-element-0db5f3a\" data-id=\"0db5f3a\" data-element_type=\"column\" data-e-type=\"column\">\n\t\t\t<div class=\"elementor-widget-wrap elementor-element-populated\">\n\t\t\t\t\t\t<div class=\"elementor-element elementor-element-ba708e0 elementor-widget elementor-widget-heading\" data-id=\"ba708e0\" data-element_type=\"widget\" data-e-type=\"widget\" data-widget_type=\"heading.default\">\n\t\t\t\t<div class=\"elementor-widget-container\">\n\t\t\t\t\t<h2 class=\"elementor-heading-title elementor-size-default\">Viele Jubil\u00e4en<\/h2>\t\t\t\t<\/div>\n\t\t\t\t<\/div>\n\t\t\t\t<div class=\"elementor-element elementor-element-107dfba liste elementor-widget elementor-widget-text-editor\" data-id=\"107dfba\" data-element_type=\"widget\" data-e-type=\"widget\" data-widget_type=\"text-editor.default\">\n\t\t\t\t<div class=\"elementor-widget-container\">\n\t\t\t\t\t\t\t\t\t<p>Auch im Jahr 2022 gab es bei den Stadtwerken wieder eine Vielzahl an Jubil\u00e4en:<\/p><ul><li>10 Jahre Stadtwerke: 4 Mitarbeiter und Mitarbeiterinnen<\/li><li>20 Jahre Stadtwerke: 2 Mitarbeiter und Mitarbeiterinnen<\/li><li>25 Jahre Stadtwerke: 10 Mitarbeiter und Mitarbeiterinnen<\/li><li>30 Jahre Stadtwerke: 4 Mitarbeiter und Mitarbeiterinnen<\/li><li>40 Jahre Stadtwerke: 1 Mitarbeiterin<\/li><\/ul>\t\t\t\t\t\t\t\t<\/div>\n\t\t\t\t<\/div>\n\t\t\t\t\t<\/div>\n\t\t<\/div>\n\t\t\t\t\t<\/div>\n\t\t<\/section>\n\t\t\t\t<section class=\"elementor-section elementor-top-section elementor-element elementor-element-ba9f6b3 elementor-section-boxed elementor-section-height-default elementor-section-height-default\" data-id=\"ba9f6b3\" data-element_type=\"section\" data-e-type=\"section\">\n\t\t\t\t\t\t<div class=\"elementor-container elementor-column-gap-default\">\n\t\t\t\t\t<div class=\"elementor-column elementor-col-100 elementor-top-column elementor-element elementor-element-77245bf\" data-id=\"77245bf\" data-element_type=\"column\" data-e-type=\"column\">\n\t\t\t<div class=\"elementor-widget-wrap elementor-element-populated\">\n\t\t\t\t\t\t<div class=\"elementor-element elementor-element-6b4b8ce elementor-widget elementor-widget-heading\" data-id=\"6b4b8ce\" data-element_type=\"widget\" data-e-type=\"widget\" data-widget_type=\"heading.default\">\n\t\t\t\t<div class=\"elementor-widget-container\">\n\t\t\t\t\t<h2 class=\"elementor-heading-title elementor-size-default\">Ausbau der Digitalisierung<\/h2>\t\t\t\t<\/div>\n\t\t\t\t<\/div>\n\t\t\t\t<div class=\"elementor-element elementor-element-24e239a elementor-widget elementor-widget-text-editor\" data-id=\"24e239a\" data-element_type=\"widget\" data-e-type=\"widget\" data-widget_type=\"text-editor.default\">\n\t\t\t\t<div class=\"elementor-widget-container\">\n\t\t\t\t\t\t\t\t\t<p>Im Zuge der Digitalisierung wurde im Berichtsjahr die elektronische Gehaltsabrechnung eingef\u00fchrt. Die Mitarbeiter und Mitarbeiterinnen k\u00f6nnen so ihre Bescheinigungen komfortabel elektronisch abrufen. Die w\u00e4hrend der Corona-Pandemie genutzte M\u00f6glichkeit zum Home-Office kann von einer Vielzahl der Mitarbeiter und Mitarbeiterinnen fortgesetzt werden.<\/p>\t\t\t\t\t\t\t\t<\/div>\n\t\t\t\t<\/div>\n\t\t\t\t\t<\/div>\n\t\t<\/div>\n\t\t\t\t\t<\/div>\n\t\t<\/section>\n\t\t\t\t<section class=\"elementor-section elementor-top-section elementor-element elementor-element-9e0aacb elementor-section-height-min-height elementor-section-boxed elementor-section-height-default elementor-section-items-middle\" data-id=\"9e0aacb\" data-element_type=\"section\" data-e-type=\"section\" data-settings=\"{&quot;background_background&quot;:&quot;classic&quot;}\">\n\t\t\t\t\t\t<div class=\"elementor-container elementor-column-gap-default\">\n\t\t\t\t\t<div class=\"elementor-column elementor-col-100 elementor-top-column elementor-element elementor-element-4fd7f2f\" data-id=\"4fd7f2f\" data-element_type=\"column\" data-e-type=\"column\">\n\t\t\t<div class=\"elementor-widget-wrap\">\n\t\t\t\t\t\t\t<\/div>\n\t\t<\/div>\n\t\t\t\t\t<\/div>\n\t\t<\/section>\n\t\t\t\t<\/div>\n\t\t","protected":false},"excerpt":{"rendered":"<p>Die Mitarbeiterinnen und Mitarbeiter sind die wichtigste Ressource der Stadtwerke Daher bietet der Energieversorger zahlreiche Angebote, die das Arbeiten im Unternehmen attraktiv gestalten. Dazu z\u00e4hlen neben Vereinbarkeit von Beruf und Familie, Gesundheitsmanagement, betriebliche Altersvorsorge, regelm\u00e4\u00dfige Weiterbildungsm\u00f6glichkeiten und zur pers\u00f6nlichen St\u00e4rkung ein Obstkorb mit saisonalen und regionalen Fr\u00fcchten. Daneben stehen Klimaschutz und nachhaltige Energieversorgung ganz oben [&hellip;]<\/p>\n","protected":false},"author":1,"featured_media":2769,"parent":2359,"menu_order":0,"comment_status":"closed","ping_status":"closed","template":"","meta":{"_acf_changed":false,"footnotes":""},"cd-version":[],"class_list":["post-2375","page","type-page","status-publish","has-post-thumbnail","hentry"],"acf":[],"_links":{"self":[{"href":"https:\/\/www.stwdt-3d.de\/GB_STWDT\/wp-json\/wp\/v2\/pages\/2375","targetHints":{"allow":["GET"]}}],"collection":[{"href":"https:\/\/www.stwdt-3d.de\/GB_STWDT\/wp-json\/wp\/v2\/pages"}],"about":[{"href":"https:\/\/www.stwdt-3d.de\/GB_STWDT\/wp-json\/wp\/v2\/types\/page"}],"author":[{"embeddable":true,"href":"https:\/\/www.stwdt-3d.de\/GB_STWDT\/wp-json\/wp\/v2\/users\/1"}],"replies":[{"embeddable":true,"href":"https:\/\/www.stwdt-3d.de\/GB_STWDT\/wp-json\/wp\/v2\/comments?post=2375"}],"version-history":[{"count":41,"href":"https:\/\/www.stwdt-3d.de\/GB_STWDT\/wp-json\/wp\/v2\/pages\/2375\/revisions"}],"predecessor-version":[{"id":2779,"href":"https:\/\/www.stwdt-3d.de\/GB_STWDT\/wp-json\/wp\/v2\/pages\/2375\/revisions\/2779"}],"up":[{"embeddable":true,"href":"https:\/\/www.stwdt-3d.de\/GB_STWDT\/wp-json\/wp\/v2\/pages\/2359"}],"wp:featuredmedia":[{"embeddable":true,"href":"https:\/\/www.stwdt-3d.de\/GB_STWDT\/wp-json\/wp\/v2\/media\/2769"}],"wp:attachment":[{"href":"https:\/\/www.stwdt-3d.de\/GB_STWDT\/wp-json\/wp\/v2\/media?parent=2375"}],"wp:term":[{"taxonomy":"cd-version","embeddable":true,"href":"https:\/\/www.stwdt-3d.de\/GB_STWDT\/wp-json\/wp\/v2\/cd-version?post=2375"}],"curies":[{"name":"wp","href":"https:\/\/api.w.org\/{rel}","templated":true}]}}