{"id":2480,"date":"2023-06-22T16:06:57","date_gmt":"2023-06-22T14:06:57","guid":{"rendered":"https:\/\/beta.k-konzept.de\/gb2019\/?page_id=2480"},"modified":"2023-06-26T16:16:33","modified_gmt":"2023-06-26T14:16:33","slug":"bericht-des-aufsichtsrates-2021","status":"publish","type":"page","link":"https:\/\/www.stwdt-3d.de\/GB_STWDT\/geschaeftsbericht-2021\/bericht-des-aufsichtsrates-2021\/","title":{"rendered":"Bericht des Aufsichtsrates 2021"},"content":{"rendered":"\t\t<div data-elementor-type=\"wp-page\" data-elementor-id=\"2480\" class=\"elementor elementor-2480\" data-elementor-post-type=\"page\">\n\t\t\t\t\t\t<section class=\"elementor-section elementor-top-section elementor-element elementor-element-93ca646 elementor-section-height-min-height elementor-section-boxed elementor-section-height-default elementor-section-items-middle\" data-id=\"93ca646\" data-element_type=\"section\" data-e-type=\"section\" data-settings=\"{&quot;background_background&quot;:&quot;classic&quot;}\">\n\t\t\t\t\t\t<div class=\"elementor-container elementor-column-gap-default\">\n\t\t\t\t\t<div class=\"elementor-column elementor-col-100 elementor-top-column elementor-element elementor-element-7594a13c\" data-id=\"7594a13c\" data-element_type=\"column\" data-e-type=\"column\">\n\t\t\t<div class=\"elementor-widget-wrap elementor-element-populated\">\n\t\t\t\t\t\t<div class=\"elementor-element elementor-element-76864899 elementor-widget elementor-widget-heading\" data-id=\"76864899\" data-element_type=\"widget\" data-e-type=\"widget\" data-widget_type=\"heading.default\">\n\t\t\t\t<div class=\"elementor-widget-container\">\n\t\t\t\t\t<h1 class=\"elementor-heading-title elementor-size-default\">Bericht des <br>Aufsichtsrates<\/h1>\t\t\t\t<\/div>\n\t\t\t\t<\/div>\n\t\t\t\t\t<\/div>\n\t\t<\/div>\n\t\t\t\t\t<\/div>\n\t\t<\/section>\n\t\t\t\t<section class=\"elementor-section elementor-top-section elementor-element elementor-element-66c2322a elementor-section-boxed elementor-section-height-default elementor-section-height-default\" data-id=\"66c2322a\" data-element_type=\"section\" data-e-type=\"section\">\n\t\t\t\t\t\t<div class=\"elementor-container elementor-column-gap-default\">\n\t\t\t\t\t<div class=\"elementor-column elementor-col-100 elementor-top-column elementor-element elementor-element-1740fdb5\" data-id=\"1740fdb5\" data-element_type=\"column\" data-e-type=\"column\">\n\t\t\t<div class=\"elementor-widget-wrap elementor-element-populated\">\n\t\t\t\t\t\t<div class=\"elementor-element elementor-element-58c5de6 elementor-widget elementor-widget-heading\" data-id=\"58c5de6\" data-element_type=\"widget\" data-e-type=\"widget\" data-widget_type=\"heading.default\">\n\t\t\t\t<div class=\"elementor-widget-container\">\n\t\t\t\t\t<h2 class=\"elementor-heading-title elementor-size-default\">Entwicklung des Unternehmens und gesch\u00e4ftliche Ereignisse<\/h2>\t\t\t\t<\/div>\n\t\t\t\t<\/div>\n\t\t\t\t<div class=\"elementor-element elementor-element-32cd312c elementor-widget elementor-widget-text-editor\" data-id=\"32cd312c\" data-element_type=\"widget\" data-e-type=\"widget\" data-widget_type=\"text-editor.default\">\n\t\t\t\t<div class=\"elementor-widget-container\">\n\t\t\t\t\t\t\t\t\t<p>Der Aufsichtsrat hat im Gesch\u00e4ftsjahr 2021 seine gesetzlichen und satzungsgem\u00e4\u00dfen Aufgaben wahrgenommen und die Gesch\u00e4ftsf\u00fchrung der Gesellschaft \u00fcberwacht. Er hat sich regelm\u00e4\u00dfig schriftlich und m\u00fcndlich \u00fcber die Lage und Entwicklung des Unternehmens sowie die bedeutsamen gesch\u00e4ftlichen Ereignisse und Vorhaben durch die Gesch\u00e4ftsf\u00fchrung informieren lassen.<\/p><p>Er befasste sich im Wesentlichen mit der wirtschaftlichen Lage der Gesellschaft unter Ber\u00fccksichtigung der Marktentwicklung, der Preis- und Beteiligungspolitik, der strategischen Positionierung, der Unternehmensplanung mit Erfolgs-, Finanz-, Investitions- und Personalplanung, dem Risikomanagementsystem sowie dem Klimapakt.\u00a0<\/p><p>Auch au\u00dferhalb der Sitzungen hat der Aufsichtsratsvorsitzende in Einzelgespr\u00e4chen mit dem Gesch\u00e4ftsf\u00fchrer der Gesellschaft Fragen der Gesch\u00e4ftspolitik, der strategischen Ziele sowie wichtige Einzelvorg\u00e4nge diskutiert.<\/p><p>Im Berichtsjahr fanden insgesamt sechs Sitzungen des Aufsichtsrats statt.<\/p>\t\t\t\t\t\t\t\t<\/div>\n\t\t\t\t<\/div>\n\t\t\t\t\t<\/div>\n\t\t<\/div>\n\t\t\t\t\t<\/div>\n\t\t<\/section>\n\t\t\t\t<section class=\"elementor-section elementor-top-section elementor-element elementor-element-9b878a6 elementor-section-full_width elementor-section-height-default elementor-section-height-default\" data-id=\"9b878a6\" data-element_type=\"section\" data-e-type=\"section\">\n\t\t\t\t\t\t<div class=\"elementor-container elementor-column-gap-default\">\n\t\t\t\t\t<div class=\"elementor-column elementor-col-100 elementor-top-column elementor-element elementor-element-84bb7f3\" data-id=\"84bb7f3\" data-element_type=\"column\" data-e-type=\"column\">\n\t\t\t<div class=\"elementor-widget-wrap elementor-element-populated\">\n\t\t\t\t\t\t<div class=\"elementor-element elementor-element-3069db1 elementor-widget elementor-widget-gallery\" data-id=\"3069db1\" data-element_type=\"widget\" data-e-type=\"widget\" data-settings=\"{&quot;columns&quot;:2,&quot;lazyload&quot;:&quot;yes&quot;,&quot;gallery_layout&quot;:&quot;grid&quot;,&quot;columns_tablet&quot;:2,&quot;columns_mobile&quot;:1,&quot;gap&quot;:{&quot;unit&quot;:&quot;px&quot;,&quot;size&quot;:10,&quot;sizes&quot;:[]},&quot;gap_tablet&quot;:{&quot;unit&quot;:&quot;px&quot;,&quot;size&quot;:10,&quot;sizes&quot;:[]},&quot;gap_mobile&quot;:{&quot;unit&quot;:&quot;px&quot;,&quot;size&quot;:10,&quot;sizes&quot;:[]},&quot;link_to&quot;:&quot;file&quot;,&quot;aspect_ratio&quot;:&quot;3:2&quot;,&quot;overlay_background&quot;:&quot;yes&quot;,&quot;content_hover_animation&quot;:&quot;fade-in&quot;}\" data-widget_type=\"gallery.default\">\n\t\t\t\t<div class=\"elementor-widget-container\">\n\t\t\t\t\t\t\t<div class=\"elementor-gallery__container\">\n\t\t\t\t\t\t\t<a class=\"e-gallery-item elementor-gallery-item elementor-animated-content\" href=\"https:\/\/www.stwdt-3d.de\/GB_STWDT\/wp-content\/uploads\/2022\/06\/mdm2021-6210.jpg\" data-elementor-open-lightbox=\"yes\" data-elementor-lightbox-slideshow=\"3069db1\" data-elementor-lightbox-title=\"Spatenstich f\u00fcr den Neubau \u00a9 mdm.photo\" data-e-action-hash=\"#elementor-action%3Aaction%3Dlightbox%26settings%3DeyJpZCI6MTkzOCwidXJsIjoiaHR0cHM6XC9cL3d3dy5zdHdkdC0zZC5kZVwvR0JfU1RXRFRcL3dwLWNvbnRlbnRcL3VwbG9hZHNcLzIwMjJcLzA2XC9tZG0yMDIxLTYyMTAuanBnIiwic2xpZGVzaG93IjoiMzA2OWRiMSJ9\">\n\t\t\t\t\t<div class=\"e-gallery-image elementor-gallery-item__image\" data-thumbnail=\"https:\/\/www.stwdt-3d.de\/GB_STWDT\/wp-content\/uploads\/2022\/06\/mdm2021-6210.jpg\" data-width=\"800\" data-height=\"533\" aria-label=\"\" role=\"img\" ><\/div>\n\t\t\t\t\t\t\t\t\t\t\t<div class=\"elementor-gallery-item__overlay\"><\/div>\n\t\t\t\t\t\t\t\t\t\t\t\t\t\t<\/a>\n\t\t\t\t\t\t\t<a class=\"e-gallery-item elementor-gallery-item elementor-animated-content\" href=\"https:\/\/www.stwdt-3d.de\/GB_STWDT\/wp-content\/uploads\/2022\/06\/mdm2021-5207.jpg\" data-elementor-open-lightbox=\"yes\" data-elementor-lightbox-slideshow=\"3069db1\" data-elementor-lightbox-title=\"Sanierung der Trinkwasserleitung am Donoper Teich \u00a9 mdm.photo\" data-e-action-hash=\"#elementor-action%3Aaction%3Dlightbox%26settings%3DeyJpZCI6MTkyOCwidXJsIjoiaHR0cHM6XC9cL3d3dy5zdHdkdC0zZC5kZVwvR0JfU1RXRFRcL3dwLWNvbnRlbnRcL3VwbG9hZHNcLzIwMjJcLzA2XC9tZG0yMDIxLTUyMDcuanBnIiwic2xpZGVzaG93IjoiMzA2OWRiMSJ9\">\n\t\t\t\t\t<div class=\"e-gallery-image elementor-gallery-item__image\" data-thumbnail=\"https:\/\/www.stwdt-3d.de\/GB_STWDT\/wp-content\/uploads\/2022\/06\/mdm2021-5207.jpg\" data-width=\"800\" data-height=\"533\" aria-label=\"\" role=\"img\" ><\/div>\n\t\t\t\t\t\t\t\t\t\t\t<div class=\"elementor-gallery-item__overlay\"><\/div>\n\t\t\t\t\t\t\t\t\t\t\t\t\t\t<\/a>\n\t\t\t\t\t<\/div>\n\t\t\t\t\t<\/div>\n\t\t\t\t<\/div>\n\t\t\t\t\t<\/div>\n\t\t<\/div>\n\t\t\t\t\t<\/div>\n\t\t<\/section>\n\t\t\t\t<section class=\"elementor-section elementor-top-section elementor-element elementor-element-3aff4228 elementor-section-boxed elementor-section-height-default elementor-section-height-default\" data-id=\"3aff4228\" data-element_type=\"section\" data-e-type=\"section\">\n\t\t\t\t\t\t<div class=\"elementor-container elementor-column-gap-default\">\n\t\t\t\t\t<div class=\"elementor-column elementor-col-100 elementor-top-column elementor-element elementor-element-11604b95\" data-id=\"11604b95\" data-element_type=\"column\" data-e-type=\"column\">\n\t\t\t<div class=\"elementor-widget-wrap elementor-element-populated\">\n\t\t\t\t\t\t<div class=\"elementor-element elementor-element-4b7e425 elementor-widget elementor-widget-heading\" data-id=\"4b7e425\" data-element_type=\"widget\" data-e-type=\"widget\" data-widget_type=\"heading.default\">\n\t\t\t\t<div class=\"elementor-widget-container\">\n\t\t\t\t\t<h3 class=\"elementor-heading-title elementor-size-default\">Der Aufsichtsrat setzte sich im Jahr 2021 wie folgt zusammen:<\/h3>\t\t\t\t<\/div>\n\t\t\t\t<\/div>\n\t\t\t\t<div class=\"elementor-element elementor-element-193d59c premium-table-dir-ltr elementor-widget elementor-widget-global elementor-global-1787 elementor-widget-premium-tables-addon\" data-id=\"193d59c\" data-element_type=\"widget\" data-e-type=\"widget\" data-widget_type=\"premium-tables-addon.default\">\n\t\t\t\t<div class=\"elementor-widget-container\">\n\t\t\t\t\t\r\n\t\t<div class=\"premium-table-wrap\">\r\n\t\t\t\r\n\t\t\t<table class=\"premium-table\" data-settings=\"{&quot;sort&quot;:false,&quot;usNumbers&quot;:false,&quot;sortMob&quot;:false,&quot;search&quot;:false,&quot;records&quot;:false,&quot;dataType&quot;:&quot;csv&quot;,&quot;csvFile&quot;:&quot;https:\\\/\\\/www.stwdt-3d.de\\\/GB_STWDT\\\/wp-content\\\/uploads\\\/2022\\\/08\\\/Aufsichtsrat-2021-v4.csv&quot;,&quot;firstRow&quot;:&quot;body&quot;,&quot;separator&quot;:&quot;;&quot;,&quot;pagination&quot;:&quot;&quot;,&quot;rows&quot;:0,&quot;id&quot;:&quot;193d59c&quot;,&quot;reload&quot;:&quot;minutes&quot;}\" >\r\n\r\n\t\t\t\r\n\t\t\t<\/table>\r\n\t\t<\/div>\r\n\t\t\t\t\t\t<\/div>\n\t\t\t\t<\/div>\n\t\t\t\t<div class=\"elementor-element elementor-element-7381020 elementor-widget elementor-widget-spacer\" data-id=\"7381020\" data-element_type=\"widget\" data-e-type=\"widget\" data-widget_type=\"spacer.default\">\n\t\t\t\t<div class=\"elementor-widget-container\">\n\t\t\t\t\t\t\t<div class=\"elementor-spacer\">\n\t\t\t<div class=\"elementor-spacer-inner\"><\/div>\n\t\t<\/div>\n\t\t\t\t\t\t<\/div>\n\t\t\t\t<\/div>\n\t\t\t\t<div class=\"elementor-element elementor-element-65bc27d4 elementor-widget elementor-widget-text-editor\" data-id=\"65bc27d4\" data-element_type=\"widget\" data-e-type=\"widget\" data-widget_type=\"text-editor.default\">\n\t\t\t\t<div class=\"elementor-widget-container\">\n\t\t\t\t\t\t\t\t\t<p>Der Gesch\u00e4ftsf\u00fchrer berichtete in der Aufsichtsratssitzung am 10. November 2021 \u00fcber das Risiko\u00admanagement\u00adsystem und informierte \u00fcber bestehende Risiken und die entsprechenden Gegen\u00adsteuerungs\u00adma\u00dfnahmen. Wesentliche oder gar bestandsgef\u00e4hrdende Risiken wurden nicht identifiziert.<\/p><p>Der Aufsichtsrat stimmt dem Ergebnis der Abschlusspr\u00fcfer zu. Die Pr\u00fcfung des Jahresabschlusses und des Lageberichts durch den Aufsichtsrat hat ebenfalls keinerlei Beanstandungen ergeben. Der Aufsichtsrat billigt den Jahresabschluss zum 31. Dezember 2021.<\/p><p>Der Aufsichtsrat spricht den Belegschaftsvertretern sowie allen Mitarbeiterinnen und Mitarbeitern der Stadtwerke Detmold Dank und Anerkennung f\u00fcr die geleistete Arbeit aus.<\/p><p>Der Aufsichtsrat der Stadtwerke Detmold GmbH<\/p>\t\t\t\t\t\t\t\t<\/div>\n\t\t\t\t<\/div>\n\t\t\t\t\t<\/div>\n\t\t<\/div>\n\t\t\t\t\t<\/div>\n\t\t<\/section>\n\t\t\t\t<section class=\"elementor-section elementor-top-section elementor-element elementor-element-152e6ed5 elementor-section-boxed elementor-section-height-default elementor-section-height-default\" data-id=\"152e6ed5\" data-element_type=\"section\" data-e-type=\"section\">\n\t\t\t\t\t\t<div class=\"elementor-container elementor-column-gap-default\">\n\t\t\t\t\t<div class=\"elementor-column elementor-col-100 elementor-top-column elementor-element elementor-element-6b6e6c91\" data-id=\"6b6e6c91\" data-element_type=\"column\" data-e-type=\"column\">\n\t\t\t<div class=\"elementor-widget-wrap elementor-element-populated\">\n\t\t\t\t\t\t<div class=\"elementor-element elementor-element-e3797af elementor-widget elementor-widget-image\" data-id=\"e3797af\" data-element_type=\"widget\" data-e-type=\"widget\" data-widget_type=\"image.default\">\n\t\t\t\t<div class=\"elementor-widget-container\">\n\t\t\t\t\t\t\t\t\t\t\t\t\t\t\t<img fetchpriority=\"high\" decoding=\"async\" width=\"400\" height=\"223\" src=\"https:\/\/www.stwdt-3d.de\/GB_STWDT\/wp-content\/uploads\/2021\/08\/Grigat-Unterschrift-400x223.gif\" class=\"attachment-medium size-medium wp-image-1476\" alt=\"\" \/>\t\t\t\t\t\t\t\t\t\t\t\t\t\t\t<\/div>\n\t\t\t\t<\/div>\n\t\t\t\t<div class=\"elementor-element elementor-element-141f54bb elementor-widget elementor-widget-text-editor\" data-id=\"141f54bb\" data-element_type=\"widget\" data-e-type=\"widget\" data-widget_type=\"text-editor.default\">\n\t\t\t\t<div class=\"elementor-widget-container\">\n\t\t\t\t\t\t\t\t\t<p>Stephan Grigat<br \/>Vorsitzender des Aufsichtsrates<\/p>\t\t\t\t\t\t\t\t<\/div>\n\t\t\t\t<\/div>\n\t\t\t\t\t<\/div>\n\t\t<\/div>\n\t\t\t\t\t<\/div>\n\t\t<\/section>\n\t\t\t\t<section class=\"elementor-section elementor-top-section elementor-element elementor-element-11a9d70 elementor-section-height-min-height elementor-section-boxed elementor-section-height-default elementor-section-items-middle\" data-id=\"11a9d70\" data-element_type=\"section\" data-e-type=\"section\" data-settings=\"{&quot;background_background&quot;:&quot;classic&quot;}\">\n\t\t\t\t\t\t<div class=\"elementor-container elementor-column-gap-default\">\n\t\t\t\t\t<div class=\"elementor-column elementor-col-100 elementor-top-column elementor-element elementor-element-c2081a4\" data-id=\"c2081a4\" data-element_type=\"column\" data-e-type=\"column\">\n\t\t\t<div class=\"elementor-widget-wrap\">\n\t\t\t\t\t\t\t<\/div>\n\t\t<\/div>\n\t\t\t\t\t<\/div>\n\t\t<\/section>\n\t\t\t\t<\/div>\n\t\t","protected":false},"excerpt":{"rendered":"<p>Bericht des Aufsichtsrates Entwicklung des Unternehmens und gesch\u00e4ftliche Ereignisse Der Aufsichtsrat hat im Gesch\u00e4ftsjahr 2021 seine gesetzlichen und satzungsgem\u00e4\u00dfen Aufgaben wahrgenommen und die Gesch\u00e4ftsf\u00fchrung der Gesellschaft \u00fcberwacht. Er hat sich regelm\u00e4\u00dfig schriftlich und m\u00fcndlich \u00fcber die Lage und Entwicklung des Unternehmens sowie die bedeutsamen gesch\u00e4ftlichen Ereignisse und Vorhaben durch die Gesch\u00e4ftsf\u00fchrung informieren lassen. Er befasste [&hellip;]<\/p>\n","protected":false},"author":1,"featured_media":2330,"parent":1769,"menu_order":0,"comment_status":"closed","ping_status":"closed","template":"","meta":{"_acf_changed":false,"footnotes":""},"cd-version":[],"class_list":["post-2480","page","type-page","status-publish","has-post-thumbnail","hentry"],"acf":[],"_links":{"self":[{"href":"https:\/\/www.stwdt-3d.de\/GB_STWDT\/wp-json\/wp\/v2\/pages\/2480","targetHints":{"allow":["GET"]}}],"collection":[{"href":"https:\/\/www.stwdt-3d.de\/GB_STWDT\/wp-json\/wp\/v2\/pages"}],"about":[{"href":"https:\/\/www.stwdt-3d.de\/GB_STWDT\/wp-json\/wp\/v2\/types\/page"}],"author":[{"embeddable":true,"href":"https:\/\/www.stwdt-3d.de\/GB_STWDT\/wp-json\/wp\/v2\/users\/1"}],"replies":[{"embeddable":true,"href":"https:\/\/www.stwdt-3d.de\/GB_STWDT\/wp-json\/wp\/v2\/comments?post=2480"}],"version-history":[{"count":7,"href":"https:\/\/www.stwdt-3d.de\/GB_STWDT\/wp-json\/wp\/v2\/pages\/2480\/revisions"}],"predecessor-version":[{"id":2675,"href":"https:\/\/www.stwdt-3d.de\/GB_STWDT\/wp-json\/wp\/v2\/pages\/2480\/revisions\/2675"}],"up":[{"embeddable":true,"href":"https:\/\/www.stwdt-3d.de\/GB_STWDT\/wp-json\/wp\/v2\/pages\/1769"}],"wp:featuredmedia":[{"embeddable":true,"href":"https:\/\/www.stwdt-3d.de\/GB_STWDT\/wp-json\/wp\/v2\/media\/2330"}],"wp:attachment":[{"href":"https:\/\/www.stwdt-3d.de\/GB_STWDT\/wp-json\/wp\/v2\/media?parent=2480"}],"wp:term":[{"taxonomy":"cd-version","embeddable":true,"href":"https:\/\/www.stwdt-3d.de\/GB_STWDT\/wp-json\/wp\/v2\/cd-version?post=2480"}],"curies":[{"name":"wp","href":"https:\/\/api.w.org\/{rel}","templated":true}]}}