{"id":509,"date":"2020-06-10T16:24:49","date_gmt":"2020-06-10T14:24:49","guid":{"rendered":"http:\/\/beta.k-konzept.de\/gb2019\/?page_id=509"},"modified":"2021-06-09T13:59:10","modified_gmt":"2021-06-09T11:59:10","slug":"unsere-mitarbeiterinnen-2019","status":"publish","type":"page","link":"https:\/\/www.stwdt-3d.de\/GB_STWDT\/geschaeftsbericht-2019\/unsere-mitarbeiterinnen-2019\/","title":{"rendered":"Unsere Mitarbeiter*innen 2019"},"content":{"rendered":"\t\t<div data-elementor-type=\"wp-page\" data-elementor-id=\"509\" class=\"elementor elementor-509\" data-elementor-post-type=\"page\">\n\t\t\t\t\t\t<section class=\"elementor-section elementor-top-section elementor-element elementor-element-1399adf elementor-section-height-min-height elementor-section-boxed elementor-section-height-default elementor-section-items-middle\" data-id=\"1399adf\" data-element_type=\"section\" data-e-type=\"section\" data-settings=\"{&quot;background_background&quot;:&quot;classic&quot;}\">\n\t\t\t\t\t\t<div class=\"elementor-container elementor-column-gap-default\">\n\t\t\t\t\t<div class=\"elementor-column elementor-col-100 elementor-top-column elementor-element elementor-element-95ef8bc\" data-id=\"95ef8bc\" data-element_type=\"column\" data-e-type=\"column\">\n\t\t\t<div class=\"elementor-widget-wrap elementor-element-populated\">\n\t\t\t\t\t\t<div class=\"elementor-element elementor-element-8569ef3 elementor-widget elementor-widget-heading\" data-id=\"8569ef3\" data-element_type=\"widget\" data-e-type=\"widget\" data-widget_type=\"heading.default\">\n\t\t\t\t<div class=\"elementor-widget-container\">\n\t\t\t\t\t<h1 class=\"elementor-heading-title elementor-size-default\">Unsere Mitarbeiter*innen 2019<\/h1>\t\t\t\t<\/div>\n\t\t\t\t<\/div>\n\t\t\t\t\t<\/div>\n\t\t<\/div>\n\t\t\t\t\t<\/div>\n\t\t<\/section>\n\t\t\t\t<section class=\"elementor-section elementor-top-section elementor-element elementor-element-bf463f8 elementor-section-boxed elementor-section-height-default elementor-section-height-default\" data-id=\"bf463f8\" data-element_type=\"section\" data-e-type=\"section\">\n\t\t\t\t\t\t<div class=\"elementor-container elementor-column-gap-default\">\n\t\t\t\t\t<div class=\"elementor-column elementor-col-100 elementor-top-column elementor-element elementor-element-4a4b3b6\" data-id=\"4a4b3b6\" data-element_type=\"column\" data-e-type=\"column\">\n\t\t\t<div class=\"elementor-widget-wrap elementor-element-populated\">\n\t\t\t\t\t\t<div class=\"elementor-element elementor-element-c4d78a3 elementor-widget elementor-widget-heading\" data-id=\"c4d78a3\" data-element_type=\"widget\" data-e-type=\"widget\" data-widget_type=\"heading.default\">\n\t\t\t\t<div class=\"elementor-widget-container\">\n\t\t\t\t\t<h2 class=\"elementor-heading-title elementor-size-default\">Starke Teams f\u00fcr starke Leistungen<\/h2>\t\t\t\t<\/div>\n\t\t\t\t<\/div>\n\t\t\t\t<div class=\"elementor-element elementor-element-9e9a589 elementor-widget elementor-widget-text-editor\" data-id=\"9e9a589\" data-element_type=\"widget\" data-e-type=\"widget\" data-widget_type=\"text-editor.default\">\n\t\t\t\t<div class=\"elementor-widget-container\">\n\t\t\t\t\t\t\t\t\t\n<p>Das Ergebnis 2019 der Stadtwerke Detmold lag erneut \u00fcber der Marke von 3 Mio. Euro. Damit ist auch das Berichtsjahr f\u00fcr uns ein erfolgreiches Jahr. Solche Erfolge erzielt ein Unternehmen nur mit gut ausgebildeten, motivierten Mitarbeiter*innen. Auf dieses starke Team sind wir stolz.<\/p>\n\n<p><strong>Personalmanagement<\/strong><\/p>\n\n<p>Gute Personalentwicklung beginnt bereits mit der Ausbildung. Als Ausbildungsbetrieb \u00fcbernehmen wir nat\u00fcrlich gesellschaftliche Verantwortung. Wir sichern uns aber auch das Know-how und die Expertise der Fachkr\u00e4fte von morgen. Die Zahl der Auszubildenden betrug 2019 insgesamt sechzehn junge Frauen und M\u00e4nner. Die Stadtwerke Detmold bilden in den Berufen Fachinformatiker f\u00fcr Systemintegration (m\/w\/d), Elektroniker f\u00fcr Betriebstechnik\u00a0(m\/w\/d), Industriekaufleute\u00a0(m\/w\/d), Kaufleute f\u00fcr Marketingkommunikation, Fachangestellte f\u00fcr B\u00e4derbetriebe\u00a0(m\/w\/d),\u00a0Fachkraft f\u00fcr Lagerlogistik (m\/w\/d),\u00a0Fachkraft f\u00fcr Wasserversorgungstechnik (m\/w\/d) und Anlagenmechaniker f\u00fcr Rohrsystemtechnik (m\/w\/d) aus.<\/p>\n\n<p>Personalf\u00fchrung und Personalentwicklung sind f\u00fcr uns besonders wichtig. Regelm\u00e4\u00dfige Seminare und Weiterbildungen sind ebenfalls eine tragende S\u00e4ule im Personalmanagement der Stadtwerke Detmold. Wir f\u00f6rdern dar\u00fcber hinaus die Vereinbarkeit von Beruf und Familie mit besonderen Gleitzeitmodellen. Diese sichern den Besch\u00e4ftigten die n\u00f6tige Flexibilit\u00e4t, um beide \u201eLebenswelten\u201c miteinander in Einklang zu bringen.\u00a0<\/p>\n\n<p>Mitarbeiter*innen halten nach wie vor den Stadtwerken Detmold die Treue. Die Fluktuation ist weiterhin verschwindend gering, Dienstjubil\u00e4en daf\u00fcr aber umso h\u00e4ufiger. 2019 durften wir f\u00fcnf Mitarbeiter*innen mit einer Betriebszugeh\u00f6rigkeit von 25 Jahren, drei Mitarbeiter*innen mit einer Betriebszugeh\u00f6rigkeit von 30 Jahren und einen Mitarbeiter mit einer Betriebszugeh\u00f6rigkeit von 40 Jahren auszeichnen.<\/p>\n\n<p><strong>Gesundheitsmanagement<\/strong><\/p>\n\n<p>Die Gesundheit und das Wohlbefinden aller Mitarbeiter*innen zu f\u00f6rdern, ist ein wichtiger Bestandteil der Unternehmensphilosophie. \u00dcber das Jahr verteilt, gibt es im Rahmen des Gesundheitsmanagements attraktive Angebote, zu denen sich alle Arbeitnehmer*innen anmelden k\u00f6nnen. Eine kleine Betriebssport-Laufgruppe, die an Laufveranstaltungen in Lippe teilnimmt, oder auch Kooperationen mit Fitnessstudios runden das Gesundheitsmanagement ab.<\/p>\n\t\t\t\t\t\t\t\t<\/div>\n\t\t\t\t<\/div>\n\t\t\t\t\t<\/div>\n\t\t<\/div>\n\t\t\t\t\t<\/div>\n\t\t<\/section>\n\t\t\t\t<section class=\"elementor-section elementor-top-section elementor-element elementor-element-c273768 elementor-section-boxed elementor-section-height-default elementor-section-height-default\" data-id=\"c273768\" data-element_type=\"section\" data-e-type=\"section\">\n\t\t\t\t\t\t<div class=\"elementor-container elementor-column-gap-default\">\n\t\t\t\t\t<div class=\"elementor-column elementor-col-100 elementor-top-column elementor-element elementor-element-7488f60\" data-id=\"7488f60\" data-element_type=\"column\" data-e-type=\"column\">\n\t\t\t<div class=\"elementor-widget-wrap elementor-element-populated\">\n\t\t\t\t\t\t<div class=\"elementor-element elementor-element-6806c86 elementor-widget elementor-widget-gallery\" data-id=\"6806c86\" data-element_type=\"widget\" data-e-type=\"widget\" data-settings=\"{&quot;gallery_layout&quot;:&quot;justified&quot;,&quot;lazyload&quot;:&quot;yes&quot;,&quot;ideal_row_height&quot;:{&quot;unit&quot;:&quot;px&quot;,&quot;size&quot;:200,&quot;sizes&quot;:[]},&quot;ideal_row_height_tablet&quot;:{&quot;unit&quot;:&quot;px&quot;,&quot;size&quot;:150,&quot;sizes&quot;:[]},&quot;ideal_row_height_mobile&quot;:{&quot;unit&quot;:&quot;px&quot;,&quot;size&quot;:150,&quot;sizes&quot;:[]},&quot;gap&quot;:{&quot;unit&quot;:&quot;px&quot;,&quot;size&quot;:10,&quot;sizes&quot;:[]},&quot;gap_tablet&quot;:{&quot;unit&quot;:&quot;px&quot;,&quot;size&quot;:10,&quot;sizes&quot;:[]},&quot;gap_mobile&quot;:{&quot;unit&quot;:&quot;px&quot;,&quot;size&quot;:10,&quot;sizes&quot;:[]},&quot;link_to&quot;:&quot;file&quot;,&quot;overlay_background&quot;:&quot;yes&quot;,&quot;content_hover_animation&quot;:&quot;fade-in&quot;}\" data-widget_type=\"gallery.default\">\n\t\t\t\t<div class=\"elementor-widget-container\">\n\t\t\t\t\t\t\t<div class=\"elementor-gallery__container\">\n\t\t\t\t\t\t\t<a class=\"e-gallery-item elementor-gallery-item elementor-animated-content\" href=\"https:\/\/www.stwdt-3d.de\/GB_STWDT\/wp-content\/uploads\/2020\/06\/mdm_190710_043021001389_3U9A7963-scaled.jpg\" data-elementor-open-lightbox=\"yes\" data-elementor-lightbox-slideshow=\"6806c86\" data-elementor-lightbox-title=\"Mitarbeiter \u00a9 mdm.photo\" data-e-action-hash=\"#elementor-action%3Aaction%3Dlightbox%26settings%3DeyJpZCI6Mjg3LCJ1cmwiOiJodHRwczpcL1wvd3d3LnN0d2R0LTNkLmRlXC9HQl9TVFdEVFwvd3AtY29udGVudFwvdXBsb2Fkc1wvMjAyMFwvMDZcL21kbV8xOTA3MTBfMDQzMDIxMDAxMzg5XzNVOUE3OTYzLXNjYWxlZC5qcGciLCJzbGlkZXNob3ciOiI2ODA2Yzg2In0%3D\">\n\t\t\t\t\t<div class=\"e-gallery-image elementor-gallery-item__image\" data-thumbnail=\"https:\/\/www.stwdt-3d.de\/GB_STWDT\/wp-content\/uploads\/2020\/06\/mdm_190710_043021001389_3U9A7963-400x251.jpg\" data-width=\"400\" data-height=\"251\" aria-label=\"\" role=\"img\" ><\/div>\n\t\t\t\t\t\t\t\t\t\t\t<div class=\"elementor-gallery-item__overlay\"><\/div>\n\t\t\t\t\t\t\t\t\t\t\t\t\t\t<\/a>\n\t\t\t\t\t\t\t<a class=\"e-gallery-item elementor-gallery-item elementor-animated-content\" href=\"https:\/\/www.stwdt-3d.de\/GB_STWDT\/wp-content\/uploads\/2020\/06\/mdm_190214_14-01-46_mdm.photo_043021001389_3U9A4880-scaled.jpg\" data-elementor-open-lightbox=\"yes\" data-elementor-lightbox-slideshow=\"6806c86\" data-elementor-lightbox-title=\"Mitarbeiter \u00a9 mdm.photo\" data-e-action-hash=\"#elementor-action%3Aaction%3Dlightbox%26settings%3DeyJpZCI6Mjg2LCJ1cmwiOiJodHRwczpcL1wvd3d3LnN0d2R0LTNkLmRlXC9HQl9TVFdEVFwvd3AtY29udGVudFwvdXBsb2Fkc1wvMjAyMFwvMDZcL21kbV8xOTAyMTRfMTQtMDEtNDZfbWRtLnBob3RvXzA0MzAyMTAwMTM4OV8zVTlBNDg4MC1zY2FsZWQuanBnIiwic2xpZGVzaG93IjoiNjgwNmM4NiJ9\">\n\t\t\t\t\t<div class=\"e-gallery-image elementor-gallery-item__image\" data-thumbnail=\"https:\/\/www.stwdt-3d.de\/GB_STWDT\/wp-content\/uploads\/2020\/06\/mdm_190214_14-01-46_mdm.photo_043021001389_3U9A4880-267x400.jpg\" data-width=\"267\" data-height=\"400\" aria-label=\"\" role=\"img\" ><\/div>\n\t\t\t\t\t\t\t\t\t\t\t<div class=\"elementor-gallery-item__overlay\"><\/div>\n\t\t\t\t\t\t\t\t\t\t\t\t\t\t<\/a>\n\t\t\t\t\t\t\t<a class=\"e-gallery-item elementor-gallery-item elementor-animated-content\" href=\"https:\/\/www.stwdt-3d.de\/GB_STWDT\/wp-content\/uploads\/2020\/06\/mdm_3U9A5639-scaled.jpg\" data-elementor-open-lightbox=\"yes\" data-elementor-lightbox-slideshow=\"6806c86\" data-elementor-lightbox-title=\"Mitarbeiter \u00a9 mdm.photo\" data-e-action-hash=\"#elementor-action%3Aaction%3Dlightbox%26settings%3DeyJpZCI6Mjg1LCJ1cmwiOiJodHRwczpcL1wvd3d3LnN0d2R0LTNkLmRlXC9HQl9TVFdEVFwvd3AtY29udGVudFwvdXBsb2Fkc1wvMjAyMFwvMDZcL21kbV8zVTlBNTYzOS1zY2FsZWQuanBnIiwic2xpZGVzaG93IjoiNjgwNmM4NiJ9\">\n\t\t\t\t\t<div class=\"e-gallery-image elementor-gallery-item__image\" data-thumbnail=\"https:\/\/www.stwdt-3d.de\/GB_STWDT\/wp-content\/uploads\/2020\/06\/mdm_3U9A5639-400x267.jpg\" data-width=\"400\" data-height=\"267\" aria-label=\"\" role=\"img\" ><\/div>\n\t\t\t\t\t\t\t\t\t\t\t<div class=\"elementor-gallery-item__overlay\"><\/div>\n\t\t\t\t\t\t\t\t\t\t\t\t\t\t<\/a>\n\t\t\t\t\t<\/div>\n\t\t\t\t\t<\/div>\n\t\t\t\t<\/div>\n\t\t\t\t\t<\/div>\n\t\t<\/div>\n\t\t\t\t\t<\/div>\n\t\t<\/section>\n\t\t\t\t<section class=\"elementor-section elementor-top-section elementor-element elementor-element-9e0aacb elementor-section-height-min-height elementor-section-boxed elementor-section-height-default elementor-section-items-middle\" data-id=\"9e0aacb\" data-element_type=\"section\" data-e-type=\"section\" data-settings=\"{&quot;background_background&quot;:&quot;classic&quot;}\">\n\t\t\t\t\t\t<div class=\"elementor-container elementor-column-gap-default\">\n\t\t\t\t\t<div class=\"elementor-column elementor-col-100 elementor-top-column elementor-element elementor-element-4fd7f2f\" data-id=\"4fd7f2f\" data-element_type=\"column\" data-e-type=\"column\">\n\t\t\t<div class=\"elementor-widget-wrap\">\n\t\t\t\t\t\t\t<\/div>\n\t\t<\/div>\n\t\t\t\t\t<\/div>\n\t\t<\/section>\n\t\t\t\t<\/div>\n\t\t","protected":false},"excerpt":{"rendered":"<p>Starke Teams f\u00fcr starke Leistungen Das Ergebnis 2019 der Stadtwerke Detmold lag erneut \u00fcber der Marke von 3 Mio. Euro. Damit ist auch das Berichtsjahr f\u00fcr uns ein erfolgreiches Jahr. Solche Erfolge erzielt ein Unternehmen nur mit gut ausgebildeten, motivierten Mitarbeiter*innen. Auf dieses starke Team sind wir stolz. Personalmanagement Gute Personalentwicklung beginnt bereits mit der [&hellip;]<\/p>\n","protected":false},"author":1,"featured_media":287,"parent":7,"menu_order":0,"comment_status":"closed","ping_status":"closed","template":"","meta":{"_acf_changed":false,"footnotes":""},"cd-version":[],"class_list":["post-509","page","type-page","status-publish","has-post-thumbnail","hentry"],"acf":[],"_links":{"self":[{"href":"https:\/\/www.stwdt-3d.de\/GB_STWDT\/wp-json\/wp\/v2\/pages\/509","targetHints":{"allow":["GET"]}}],"collection":[{"href":"https:\/\/www.stwdt-3d.de\/GB_STWDT\/wp-json\/wp\/v2\/pages"}],"about":[{"href":"https:\/\/www.stwdt-3d.de\/GB_STWDT\/wp-json\/wp\/v2\/types\/page"}],"author":[{"embeddable":true,"href":"https:\/\/www.stwdt-3d.de\/GB_STWDT\/wp-json\/wp\/v2\/users\/1"}],"replies":[{"embeddable":true,"href":"https:\/\/www.stwdt-3d.de\/GB_STWDT\/wp-json\/wp\/v2\/comments?post=509"}],"version-history":[{"count":0,"href":"https:\/\/www.stwdt-3d.de\/GB_STWDT\/wp-json\/wp\/v2\/pages\/509\/revisions"}],"up":[{"embeddable":true,"href":"https:\/\/www.stwdt-3d.de\/GB_STWDT\/wp-json\/wp\/v2\/pages\/7"}],"wp:featuredmedia":[{"embeddable":true,"href":"https:\/\/www.stwdt-3d.de\/GB_STWDT\/wp-json\/wp\/v2\/media\/287"}],"wp:attachment":[{"href":"https:\/\/www.stwdt-3d.de\/GB_STWDT\/wp-json\/wp\/v2\/media?parent=509"}],"wp:term":[{"taxonomy":"cd-version","embeddable":true,"href":"https:\/\/www.stwdt-3d.de\/GB_STWDT\/wp-json\/wp\/v2\/cd-version?post=509"}],"curies":[{"name":"wp","href":"https:\/\/api.w.org\/{rel}","templated":true}]}}