{"id":860,"date":"2021-06-10T16:43:44","date_gmt":"2021-06-10T14:43:44","guid":{"rendered":"https:\/\/beta.k-konzept.de\/gb2019\/?page_id=860"},"modified":"2021-09-09T09:44:58","modified_gmt":"2021-09-09T07:44:58","slug":"unsere-mitarbeiterinnen-2020","status":"publish","type":"page","link":"https:\/\/www.stwdt-3d.de\/GB_STWDT\/geschaeftsbericht-2020\/unsere-mitarbeiterinnen-2020\/","title":{"rendered":"Unsere Mitarbeiter*innen 2020"},"content":{"rendered":"\t\t<div data-elementor-type=\"wp-page\" data-elementor-id=\"860\" class=\"elementor elementor-860\" data-elementor-post-type=\"page\">\n\t\t\t\t\t\t<section class=\"elementor-section elementor-top-section elementor-element elementor-element-1399adf elementor-section-height-min-height elementor-section-boxed elementor-section-height-default elementor-section-items-middle\" data-id=\"1399adf\" data-element_type=\"section\" data-e-type=\"section\" data-settings=\"{&quot;background_background&quot;:&quot;classic&quot;}\">\n\t\t\t\t\t\t<div class=\"elementor-container elementor-column-gap-default\">\n\t\t\t\t\t<div class=\"elementor-column elementor-col-100 elementor-top-column elementor-element elementor-element-95ef8bc\" data-id=\"95ef8bc\" data-element_type=\"column\" data-e-type=\"column\">\n\t\t\t<div class=\"elementor-widget-wrap elementor-element-populated\">\n\t\t\t\t\t\t<div class=\"elementor-element elementor-element-8569ef3 elementor-widget elementor-widget-heading\" data-id=\"8569ef3\" data-element_type=\"widget\" data-e-type=\"widget\" data-widget_type=\"heading.default\">\n\t\t\t\t<div class=\"elementor-widget-container\">\n\t\t\t\t\t<h1 class=\"elementor-heading-title elementor-size-default\">Unsere Mitarbeiter*innen 2020<\/h1>\t\t\t\t<\/div>\n\t\t\t\t<\/div>\n\t\t\t\t\t<\/div>\n\t\t<\/div>\n\t\t\t\t\t<\/div>\n\t\t<\/section>\n\t\t\t\t<section class=\"elementor-section elementor-top-section elementor-element elementor-element-bf463f8 elementor-section-boxed elementor-section-height-default elementor-section-height-default\" data-id=\"bf463f8\" data-element_type=\"section\" data-e-type=\"section\">\n\t\t\t\t\t\t<div class=\"elementor-container elementor-column-gap-default\">\n\t\t\t\t\t<div class=\"elementor-column elementor-col-100 elementor-top-column elementor-element elementor-element-4a4b3b6\" data-id=\"4a4b3b6\" data-element_type=\"column\" data-e-type=\"column\">\n\t\t\t<div class=\"elementor-widget-wrap elementor-element-populated\">\n\t\t\t\t\t\t<div class=\"elementor-element elementor-element-c4d78a3 elementor-widget elementor-widget-heading\" data-id=\"c4d78a3\" data-element_type=\"widget\" data-e-type=\"widget\" data-widget_type=\"heading.default\">\n\t\t\t\t<div class=\"elementor-widget-container\">\n\t\t\t\t\t<h2 class=\"elementor-heading-title elementor-size-default\">Motivierte Mitarbeiter*innen<\/h2>\t\t\t\t<\/div>\n\t\t\t\t<\/div>\n\t\t\t\t<div class=\"elementor-element elementor-element-9e9a589 elementor-widget elementor-widget-text-editor\" data-id=\"9e9a589\" data-element_type=\"widget\" data-e-type=\"widget\" data-widget_type=\"text-editor.default\">\n\t\t\t\t<div class=\"elementor-widget-container\">\n\t\t\t\t\t\t\t\t\t\n<p>Das Ergebnis 2020 der Stadtwerke Detmold lag erneut \u00fcber der Marke von 3 Mio. Solche Erfolge erzielt ein Unternehmen nur mit gut ausgebildeten, motivierten Mitarbeiter*innen. Aus- und Weiterbildung sind deshalb wichtige Bausteine der Personalpolitik.\u00a0Gute Personalentwicklung beginnt bereits mit der Ausbildung. Als Ausbildungsbetrieb \u00fcbernehmen wir nat\u00fcrlich gesellschaftliche Verantwortung.<\/p>\n\t\t\t\t\t\t\t\t<\/div>\n\t\t\t\t<\/div>\n\t\t\t\t\t<\/div>\n\t\t<\/div>\n\t\t\t\t\t<\/div>\n\t\t<\/section>\n\t\t\t\t<section class=\"elementor-section elementor-top-section elementor-element elementor-element-c273768 elementor-section-boxed elementor-section-height-default elementor-section-height-default\" data-id=\"c273768\" data-element_type=\"section\" data-e-type=\"section\">\n\t\t\t\t\t\t<div class=\"elementor-container elementor-column-gap-default\">\n\t\t\t\t\t<div class=\"elementor-column elementor-col-100 elementor-top-column elementor-element elementor-element-7488f60\" data-id=\"7488f60\" data-element_type=\"column\" data-e-type=\"column\">\n\t\t\t<div class=\"elementor-widget-wrap elementor-element-populated\">\n\t\t\t\t\t\t<div class=\"elementor-element elementor-element-6806c86 elementor-widget elementor-widget-gallery\" data-id=\"6806c86\" data-element_type=\"widget\" data-e-type=\"widget\" data-settings=\"{&quot;columns&quot;:3,&quot;lazyload&quot;:&quot;yes&quot;,&quot;gallery_layout&quot;:&quot;grid&quot;,&quot;columns_tablet&quot;:2,&quot;columns_mobile&quot;:1,&quot;gap&quot;:{&quot;unit&quot;:&quot;px&quot;,&quot;size&quot;:10,&quot;sizes&quot;:[]},&quot;gap_tablet&quot;:{&quot;unit&quot;:&quot;px&quot;,&quot;size&quot;:10,&quot;sizes&quot;:[]},&quot;gap_mobile&quot;:{&quot;unit&quot;:&quot;px&quot;,&quot;size&quot;:10,&quot;sizes&quot;:[]},&quot;link_to&quot;:&quot;file&quot;,&quot;aspect_ratio&quot;:&quot;3:2&quot;,&quot;overlay_background&quot;:&quot;yes&quot;,&quot;content_hover_animation&quot;:&quot;fade-in&quot;}\" data-widget_type=\"gallery.default\">\n\t\t\t\t<div class=\"elementor-widget-container\">\n\t\t\t\t\t\t\t<div class=\"elementor-gallery__container\">\n\t\t\t\t\t\t\t<a class=\"e-gallery-item elementor-gallery-item elementor-animated-content\" href=\"https:\/\/www.stwdt-3d.de\/GB_STWDT\/wp-content\/uploads\/2021\/07\/Azubis-mdm2020-8715.jpg\" data-elementor-open-lightbox=\"yes\" data-elementor-lightbox-slideshow=\"6806c86\" data-elementor-lightbox-title=\"Mitarbeiter*innen \u00a9 mdm.photo\" data-e-action-hash=\"#elementor-action%3Aaction%3Dlightbox%26settings%3DeyJpZCI6MTE3NywidXJsIjoiaHR0cHM6XC9cL3d3dy5zdHdkdC0zZC5kZVwvR0JfU1RXRFRcL3dwLWNvbnRlbnRcL3VwbG9hZHNcLzIwMjFcLzA3XC9BenViaXMtbWRtMjAyMC04NzE1LmpwZyIsInNsaWRlc2hvdyI6IjY4MDZjODYifQ%3D%3D\">\n\t\t\t\t\t<div class=\"e-gallery-image elementor-gallery-item__image\" data-thumbnail=\"https:\/\/www.stwdt-3d.de\/GB_STWDT\/wp-content\/uploads\/2021\/07\/Azubis-mdm2020-8715-400x267.jpg\" data-width=\"400\" data-height=\"267\" aria-label=\"\" role=\"img\" ><\/div>\n\t\t\t\t\t\t\t\t\t\t\t<div class=\"elementor-gallery-item__overlay\"><\/div>\n\t\t\t\t\t\t\t\t\t\t\t\t\t\t<\/a>\n\t\t\t\t\t\t\t<a class=\"e-gallery-item elementor-gallery-item elementor-animated-content\" href=\"https:\/\/www.stwdt-3d.de\/GB_STWDT\/wp-content\/uploads\/2021\/07\/Trinkwasser-mdm2020-1132.jpg\" data-elementor-open-lightbox=\"yes\" data-elementor-lightbox-slideshow=\"6806c86\" data-elementor-lightbox-title=\"Mitarbeiter Trinkwasser \u00a9 mdm.photo\" data-e-action-hash=\"#elementor-action%3Aaction%3Dlightbox%26settings%3DeyJpZCI6MTE0NSwidXJsIjoiaHR0cHM6XC9cL3d3dy5zdHdkdC0zZC5kZVwvR0JfU1RXRFRcL3dwLWNvbnRlbnRcL3VwbG9hZHNcLzIwMjFcLzA3XC9Ucmlua3dhc3Nlci1tZG0yMDIwLTExMzIuanBnIiwic2xpZGVzaG93IjoiNjgwNmM4NiJ9\">\n\t\t\t\t\t<div class=\"e-gallery-image elementor-gallery-item__image\" data-thumbnail=\"https:\/\/www.stwdt-3d.de\/GB_STWDT\/wp-content\/uploads\/2021\/07\/Trinkwasser-mdm2020-1132-400x267.jpg\" data-width=\"400\" data-height=\"267\" aria-label=\"\" role=\"img\" ><\/div>\n\t\t\t\t\t\t\t\t\t\t\t<div class=\"elementor-gallery-item__overlay\"><\/div>\n\t\t\t\t\t\t\t\t\t\t\t\t\t\t<\/a>\n\t\t\t\t\t\t\t<a class=\"e-gallery-item elementor-gallery-item elementor-animated-content\" href=\"https:\/\/www.stwdt-3d.de\/GB_STWDT\/wp-content\/uploads\/2021\/07\/Azubis-mdm2020-7462.jpg\" data-elementor-open-lightbox=\"yes\" data-elementor-lightbox-slideshow=\"6806c86\" data-elementor-lightbox-title=\"Mitarbeiter*innen \u00a9 mdm.photo\" data-e-action-hash=\"#elementor-action%3Aaction%3Dlightbox%26settings%3DeyJpZCI6MTE3NSwidXJsIjoiaHR0cHM6XC9cL3d3dy5zdHdkdC0zZC5kZVwvR0JfU1RXRFRcL3dwLWNvbnRlbnRcL3VwbG9hZHNcLzIwMjFcLzA3XC9BenViaXMtbWRtMjAyMC03NDYyLmpwZyIsInNsaWRlc2hvdyI6IjY4MDZjODYifQ%3D%3D\">\n\t\t\t\t\t<div class=\"e-gallery-image elementor-gallery-item__image\" data-thumbnail=\"https:\/\/www.stwdt-3d.de\/GB_STWDT\/wp-content\/uploads\/2021\/07\/Azubis-mdm2020-7462-400x267.jpg\" data-width=\"400\" data-height=\"267\" aria-label=\"\" role=\"img\" ><\/div>\n\t\t\t\t\t\t\t\t\t\t\t<div class=\"elementor-gallery-item__overlay\"><\/div>\n\t\t\t\t\t\t\t\t\t\t\t\t\t\t<\/a>\n\t\t\t\t\t<\/div>\n\t\t\t\t\t<\/div>\n\t\t\t\t<\/div>\n\t\t\t\t\t<\/div>\n\t\t<\/div>\n\t\t\t\t\t<\/div>\n\t\t<\/section>\n\t\t\t\t<section class=\"elementor-section elementor-top-section elementor-element elementor-element-3ec19b2 elementor-section-boxed elementor-section-height-default elementor-section-height-default\" data-id=\"3ec19b2\" data-element_type=\"section\" data-e-type=\"section\">\n\t\t\t\t\t\t<div class=\"elementor-container elementor-column-gap-default\">\n\t\t\t\t\t<div class=\"elementor-column elementor-col-100 elementor-top-column elementor-element elementor-element-c4e11f2\" data-id=\"c4e11f2\" data-element_type=\"column\" data-e-type=\"column\">\n\t\t\t<div class=\"elementor-widget-wrap elementor-element-populated\">\n\t\t\t\t\t\t<div class=\"elementor-element elementor-element-5f454cc elementor-widget elementor-widget-heading\" data-id=\"5f454cc\" data-element_type=\"widget\" data-e-type=\"widget\" data-widget_type=\"heading.default\">\n\t\t\t\t<div class=\"elementor-widget-container\">\n\t\t\t\t\t<h2 class=\"elementor-heading-title elementor-size-default\">Hohe Ausbildungsquote<\/h2>\t\t\t\t<\/div>\n\t\t\t\t<\/div>\n\t\t\t\t<div class=\"elementor-element elementor-element-3e6a300 elementor-widget elementor-widget-text-editor\" data-id=\"3e6a300\" data-element_type=\"widget\" data-e-type=\"widget\" data-widget_type=\"text-editor.default\">\n\t\t\t\t<div class=\"elementor-widget-container\">\n\t\t\t\t\t\t\t\t\t\n<p>Mit einer Quote von rund 10 % (17 Auszubildende) an der Gesamtbelegschaft erreichen die Stadtwerke Detmold den h\u00f6chsten Stand an Ausbildungspl\u00e4tzen seit Bestehen des Unternehmens. Zum 1. August starteten hiervon sechs der jungen Erwachsenen in das neue Ausbildungsjahr. Das attraktive Spektrum der Berufsbilder bei den Stadtwerken erstreckt sich \u00fcber unterschiedliche kaufm\u00e4nnische und technische Ausbildungsm\u00f6glichkeiten wie: Anlagenmechaniker (m\/w\/d), Fachkraft f\u00fcr Wasserversorgungstechnik (m\/w\/d), Elektroniker f\u00fcr Betriebstechnik (m\/w\/d), Industriekaufmann\/-frau (m\/w\/d), Fachangestellter f\u00fcr B\u00e4derbetriebe (m\/w\/d), Fachinformatiker f\u00fcr Systemintegration (m\/w\/d), Fachkraft f\u00fcr Lagerlogistik (m\/w\/d), Kaufmann\/-frau f\u00fcr Marketingkommunikation (m\/w\/d).<\/p>\n\t\t\t\t\t\t\t\t<\/div>\n\t\t\t\t<\/div>\n\t\t\t\t\t<\/div>\n\t\t<\/div>\n\t\t\t\t\t<\/div>\n\t\t<\/section>\n\t\t\t\t<section class=\"elementor-section elementor-top-section elementor-element elementor-element-8bf8346 elementor-section-boxed elementor-section-height-default elementor-section-height-default\" data-id=\"8bf8346\" data-element_type=\"section\" data-e-type=\"section\">\n\t\t\t\t\t\t<div class=\"elementor-container elementor-column-gap-default\">\n\t\t\t\t\t<div class=\"elementor-column elementor-col-100 elementor-top-column elementor-element elementor-element-d70f51b\" data-id=\"d70f51b\" data-element_type=\"column\" data-e-type=\"column\">\n\t\t\t<div class=\"elementor-widget-wrap elementor-element-populated\">\n\t\t\t\t\t\t<div class=\"elementor-element elementor-element-3e54056 elementor-widget elementor-widget-video\" data-id=\"3e54056\" data-element_type=\"widget\" data-e-type=\"widget\" data-settings=\"{&quot;youtube_url&quot;:&quot;https:\\\/\\\/youtu.be\\\/nwirex8oXTQ&quot;,&quot;yt_privacy&quot;:&quot;yes&quot;,&quot;lazy_load&quot;:&quot;yes&quot;,&quot;video_type&quot;:&quot;youtube&quot;,&quot;controls&quot;:&quot;yes&quot;}\" data-widget_type=\"video.default\">\n\t\t\t\t<div class=\"elementor-widget-container\">\n\t\t\t\t\t\t\t<div class=\"elementor-wrapper elementor-open-inline\">\n\t\t\t<div class=\"elementor-video\"><\/div>\t\t<\/div>\n\t\t\t\t\t\t<\/div>\n\t\t\t\t<\/div>\n\t\t\t\t\t<\/div>\n\t\t<\/div>\n\t\t\t\t\t<\/div>\n\t\t<\/section>\n\t\t\t\t<section class=\"elementor-section elementor-top-section elementor-element elementor-element-caec0a1 elementor-section-boxed elementor-section-height-default elementor-section-height-default\" data-id=\"caec0a1\" data-element_type=\"section\" data-e-type=\"section\">\n\t\t\t\t\t\t<div class=\"elementor-container elementor-column-gap-default\">\n\t\t\t\t\t<div class=\"elementor-column elementor-col-100 elementor-top-column elementor-element elementor-element-d2bb5d5\" data-id=\"d2bb5d5\" data-element_type=\"column\" data-e-type=\"column\">\n\t\t\t<div class=\"elementor-widget-wrap elementor-element-populated\">\n\t\t\t\t\t\t<div class=\"elementor-element elementor-element-190e015 elementor-widget elementor-widget-heading\" data-id=\"190e015\" data-element_type=\"widget\" data-e-type=\"widget\" data-widget_type=\"heading.default\">\n\t\t\t\t<div class=\"elementor-widget-container\">\n\t\t\t\t\t<h2 class=\"elementor-heading-title elementor-size-default\">Stadtwerke als attraktiver Arbeitgeber<\/h2>\t\t\t\t<\/div>\n\t\t\t\t<\/div>\n\t\t\t\t<div class=\"elementor-element elementor-element-76ea325 elementor-widget elementor-widget-text-editor\" data-id=\"76ea325\" data-element_type=\"widget\" data-e-type=\"widget\" data-widget_type=\"text-editor.default\">\n\t\t\t\t<div class=\"elementor-widget-container\">\n\t\t\t\t\t\t\t\t\t<p>Einen Beruf mit Zukunft und Perspektive, krisenfest auch in Corona-Zeiten, Vereinbarkeit von Beruf und Familie, Gesundheitsmanagement, betrieblicher Altersvorsorge und dabei die Region st\u00e4rken \u2013 all das bieten die Stadtwerke Detmold ihren Mitarbeiter*innen als attraktiver Arbeitgeber.<\/p>\n<p>Daneben stehen Klimaschutz und nachhaltige Energieversorgung ganz oben auf der Agenda. Das ist auch f\u00fcr die Auszubildenden eine gro\u00dfe Chance, sich im Beruf pers\u00f6nlich f\u00fcr diese Zukunftsthemen zu engagieren.<\/p>\n<p>Am 31.12.2020 waren neben dem Gesch\u00e4ftsf\u00fchrer insgesamt 173 Mitarbeiter*innen besch\u00e4ftigt, davon 17 Auszubildende. Die Zahl der Mitarbeiter*innen neben dem Gesch\u00e4ftsf\u00fchrer betrug somit 156, davon 95 m\u00e4nnlich und 61 weiblich.\u00a0Die m\u00e4nnlichen Besch\u00e4ftigten besetzten Stellen, die im Durchschnitt mit der TV-V-Entgeltgruppe E 8 bewertet sind. Die weiblichen Besch\u00e4ftigten besetzten Stellen, die im Durchschnitt mit der TV-V-Entgeltgruppe E 6 bewertet sind.<\/p>\t\t\t\t\t\t\t\t<\/div>\n\t\t\t\t<\/div>\n\t\t\t\t\t<\/div>\n\t\t<\/div>\n\t\t\t\t\t<\/div>\n\t\t<\/section>\n\t\t\t\t<section class=\"elementor-section elementor-top-section elementor-element elementor-element-9e0aacb elementor-section-height-min-height elementor-section-boxed elementor-section-height-default elementor-section-items-middle\" data-id=\"9e0aacb\" data-element_type=\"section\" data-e-type=\"section\" data-settings=\"{&quot;background_background&quot;:&quot;classic&quot;}\">\n\t\t\t\t\t\t<div class=\"elementor-container elementor-column-gap-default\">\n\t\t\t\t\t<div class=\"elementor-column elementor-col-100 elementor-top-column elementor-element elementor-element-4fd7f2f\" data-id=\"4fd7f2f\" data-element_type=\"column\" data-e-type=\"column\">\n\t\t\t<div class=\"elementor-widget-wrap\">\n\t\t\t\t\t\t\t<\/div>\n\t\t<\/div>\n\t\t\t\t\t<\/div>\n\t\t<\/section>\n\t\t\t\t<\/div>\n\t\t","protected":false},"excerpt":{"rendered":"<p>Motivierte Mitarbeiter*innen Das Ergebnis 2020 der Stadtwerke Detmold lag erneut \u00fcber der Marke von 3 Mio. Solche Erfolge erzielt ein Unternehmen nur mit gut ausgebildeten, motivierten Mitarbeiter*innen. Aus- und Weiterbildung sind deshalb wichtige Bausteine der Personalpolitik.\u00a0Gute Personalentwicklung beginnt bereits mit der Ausbildung. Als Ausbildungsbetrieb \u00fcbernehmen wir nat\u00fcrlich gesellschaftliche Verantwortung. Hohe Ausbildungsquote Mit einer Quote von [&hellip;]<\/p>\n","protected":false},"author":1,"featured_media":1174,"parent":801,"menu_order":0,"comment_status":"closed","ping_status":"closed","template":"","meta":{"_acf_changed":false,"footnotes":""},"cd-version":[],"class_list":["post-860","page","type-page","status-publish","has-post-thumbnail","hentry"],"acf":[],"_links":{"self":[{"href":"https:\/\/www.stwdt-3d.de\/GB_STWDT\/wp-json\/wp\/v2\/pages\/860","targetHints":{"allow":["GET"]}}],"collection":[{"href":"https:\/\/www.stwdt-3d.de\/GB_STWDT\/wp-json\/wp\/v2\/pages"}],"about":[{"href":"https:\/\/www.stwdt-3d.de\/GB_STWDT\/wp-json\/wp\/v2\/types\/page"}],"author":[{"embeddable":true,"href":"https:\/\/www.stwdt-3d.de\/GB_STWDT\/wp-json\/wp\/v2\/users\/1"}],"replies":[{"embeddable":true,"href":"https:\/\/www.stwdt-3d.de\/GB_STWDT\/wp-json\/wp\/v2\/comments?post=860"}],"version-history":[{"count":36,"href":"https:\/\/www.stwdt-3d.de\/GB_STWDT\/wp-json\/wp\/v2\/pages\/860\/revisions"}],"predecessor-version":[{"id":1724,"href":"https:\/\/www.stwdt-3d.de\/GB_STWDT\/wp-json\/wp\/v2\/pages\/860\/revisions\/1724"}],"up":[{"embeddable":true,"href":"https:\/\/www.stwdt-3d.de\/GB_STWDT\/wp-json\/wp\/v2\/pages\/801"}],"wp:featuredmedia":[{"embeddable":true,"href":"https:\/\/www.stwdt-3d.de\/GB_STWDT\/wp-json\/wp\/v2\/media\/1174"}],"wp:attachment":[{"href":"https:\/\/www.stwdt-3d.de\/GB_STWDT\/wp-json\/wp\/v2\/media?parent=860"}],"wp:term":[{"taxonomy":"cd-version","embeddable":true,"href":"https:\/\/www.stwdt-3d.de\/GB_STWDT\/wp-json\/wp\/v2\/cd-version?post=860"}],"curies":[{"name":"wp","href":"https:\/\/api.w.org\/{rel}","templated":true}]}}